{"id":2061,"date":"2021-08-26T19:39:58","date_gmt":"2021-08-26T12:39:58","guid":{"rendered":"http:\/\/dbcl-demo.ntt.edu.vn\/?page_id=2061"},"modified":"2021-08-26T19:39:58","modified_gmt":"2021-08-26T12:39:58","slug":"academic-program","status":"publish","type":"page","link":"https:\/\/dbcl.ntt.edu.vn\/en\/academic-program\/","title":{"rendered":"Academic program"},"content":{"rendered":"\t<section class=\"section pb-0\" id=\"section_1688005748\">\n\t\t<div class=\"bg section-bg fill bg-fill  \" >\n\n\t\t\t\n\t\t\t\n\t\t\t\n\n\t\t<\/div>\n\n\t\t<div class=\"section-content relative\">\n\t\t\t\n<div class=\"row row-small\"  id=\"row-239508761\">\n\n\t<div id=\"col-130255134\" class=\"col pb-0 mh-col-intro-title medium-12 small-12 large-12\"  >\n\t\t\t\t<div class=\"col-inner dark\"  >\n\t\t\t\n\t\t\t\n\t<div class=\"ux-menu stack stack-col justify-start nav-breadcrumbs\">\n\t\t\n\t<div class=\"ux-menu-link flex menu-item\">\n\t\t<a class=\"ux-menu-link__link flex\" href=\"https:\/\/dbcl.ntt.edu.vn\"  >\n\t\t\t\t\t\t<span class=\"ux-menu-link__text\">\n\t\t\t\tKhoa Duoc\t\t\t<\/span>\n\t\t<\/a>\n\t<\/div>\n\t\n\t<\/div>\n\t\n\t<div id=\"gap-275683731\" class=\"gap-element clearfix\" style=\"display:block; height:auto;\">\n\t\t\n<style>\n#gap-275683731 {\n  padding-top: 15px;\n}\n@media (min-width:850px) {\n  #gap-275683731 {\n    padding-top: 30px;\n  }\n}\n<\/style>\n\t<\/div>\n\t\n\t<div id=\"text-680501908\" class=\"text mh-title-box\">\n\t\t\n<h1>\u0110\u00e0o t\u1ea1o<\/h1>\n\t\t\t<\/div>\n\t\n<div class=\"is-divider divider clearfix\" style=\"margin-top:0.8em;margin-bottom:0.8em;max-width:170px;background-color:rgb(255, 255, 255);\"><\/div>\n\t<div id=\"gap-1675129463\" class=\"gap-element clearfix\" style=\"display:block; height:auto;\">\n\t\t\n<style>\n#gap-1675129463 {\n  padding-top: 15px;\n}\n@media (min-width:850px) {\n  #gap-1675129463 {\n    padding-top: 40px;\n  }\n}\n<\/style>\n\t<\/div>\n\t\n<p>Khoa D\u01b0\u1ee3c \u0111\u00e0o t\u1ea1o 3 chuy\u00ean ng\u00e0nh ch\u00ednh:<\/p>\n\t<div id=\"gap-5234790\" class=\"gap-element clearfix\" style=\"display:block; height:auto;\">\n\t\t\n<style>\n#gap-5234790 {\n  padding-top: 15px;\n}\n@media (min-width:850px) {\n  #gap-5234790 {\n    padding-top: 10px;\n  }\n}\n<\/style>\n\t<\/div>\n\t\n\t<div class=\"ux-menu stack stack-col justify-start list-training\">\n\t\t\n\t<div class=\"ux-menu-link flex menu-item\">\n\t\t<a class=\"ux-menu-link__link flex\" href=\"https:\/\/dbcl.ntt.edu.vn\"  >\n\t\t\t\t\t\t<span class=\"ux-menu-link__text\">\n\t\t\t\tChuy\u00ean ng\u00e0nh D\u01b0\u1ee3c l\u00e2m s\u00e0ng\t\t\t<\/span>\n\t\t<\/a>\n\t<\/div>\n\t\n\t<div class=\"ux-menu-link flex menu-item\">\n\t\t<a class=\"ux-menu-link__link flex\" href=\"https:\/\/dbcl.ntt.edu.vn\"  >\n\t\t\t\t\t\t<span class=\"ux-menu-link__text\">\n\t\t\t\tChuy\u00ean ng\u00e0nh s\u1ea3n xu\u1ea5t v\u00e0 ph\u00e1t tri\u1ec3n thu\u1ed1c\t\t\t<\/span>\n\t\t<\/a>\n\t<\/div>\n\t\n\t<div class=\"ux-menu-link flex menu-item\">\n\t\t<a class=\"ux-menu-link__link flex\" href=\"https:\/\/dbcl.ntt.edu.vn\"  >\n\t\t\t\t\t\t<span class=\"ux-menu-link__text\">\n\t\t\t\tChuy\u00ean ng\u00e0nh Qu\u1ea3n l\u00fd v\u00e0 cung \u1ee9ng thu\u1ed1c\t\t\t<\/span>\n\t\t<\/a>\n\t<\/div>\n\t\n\t<\/div>\n\t\n\t\t<\/div>\n\t\t\t\t\t<\/div>\n\n\t\n<\/div>\n\t<div id=\"gap-1029588258\" class=\"gap-element clearfix\" style=\"display:block; height:auto;\">\n\t\t\n<style>\n#gap-1029588258 {\n  padding-top: 25px;\n}\n@media (min-width:550px) {\n  #gap-1029588258 {\n    padding-top: 40px;\n  }\n}\n@media (min-width:850px) {\n  #gap-1029588258 {\n    padding-top: 80px;\n  }\n}\n<\/style>\n\t<\/div>\n\t\n\t\t<\/div>\n\n\t\t\n<style>\n#section_1688005748 {\n  padding-top: 40px;\n  padding-bottom: 40px;\n}\n#section_1688005748 .section-bg.bg-loaded {\n  background-image: url(https:\/\/dbcl.ntt.edu.vn\/wp-content\/uploads\/2021\/08\/cover-banner.jpg);\n}\n@media (min-width:550px) {\n  #section_1688005748 {\n    padding-top: 50px;\n    padding-bottom: 50px;\n  }\n}\n@media (min-width:850px) {\n  #section_1688005748 {\n    padding-top: 70px;\n    padding-bottom: 70px;\n  }\n}\n<\/style>\n\t<\/section>\n\t\n\t<section class=\"section pb-0\" id=\"section_844003888\">\n\t\t<div class=\"bg section-bg fill bg-fill  \" >\n\n\t\t\t\n\t\t\t\n\t\t\t\n\n\t\t<\/div>\n\n\t\t<div class=\"section-content relative\">\n\t\t\t\n<div class=\"row align-equal align-center\"  id=\"row-146754571\">\n\n\t<div id=\"col-1767338319\" class=\"col pb-0 medium-12 small-12 large-12\"  >\n\t\t\t\t<div class=\"col-inner\"  >\n\t\t\t\n\t\t\t\n\t<div class=\"ux-menu stack stack-col justify-start nav-breadcrumbs\">\n\t\t\n\t<div class=\"ux-menu-link flex menu-item\">\n\t\t<a class=\"ux-menu-link__link flex\" href=\"https:\/\/dbcl.ntt.edu.vn\"  >\n\t\t\t\t\t\t<span class=\"ux-menu-link__text\">\n\t\t\t\tKhoa Duoc\t\t\t<\/span>\n\t\t<\/a>\n\t<\/div>\n\t\n\t<\/div>\n\t\n\t<div id=\"gap-363941120\" class=\"gap-element clearfix\" style=\"display:block; height:auto;\">\n\t\t\n<style>\n#gap-363941120 {\n  padding-top: 15px;\n}\n@media (min-width:850px) {\n  #gap-363941120 {\n    padding-top: 45px;\n  }\n}\n<\/style>\n\t<\/div>\n\t\n\t<div id=\"text-611794167\" class=\"text mh-title-box\">\n\t\t\n<h4>Chuy\u00ean ng\u00e0nh \u0111\u00e0o t\u1ea1o<\/h4>\n\t\t\t<\/div>\n\t\n\t\t<\/div>\n\t\t\t\t\n<style>\n#col-1767338319 > .col-inner {\n  padding: 0px 0px 30px 0px;\n}\n@media (min-width:850px) {\n  #col-1767338319 > .col-inner {\n    padding: 0px 0px 70px 0px;\n  }\n}\n<\/style>\n\t<\/div>\n\n\t\n\n\t<div id=\"col-1251403939\" class=\"col medium-6 small-12 large-4\"  >\n\t\t\t\t<div class=\"col-inner\" style=\"background-color:rgb(255, 255, 255);\" >\n\t\t\t\n\t<div class=\"is-border\"\n\t\tstyle=\"border-color:rgb(0, 82, 156);border-width:0px 0px 5px 0px;\">\n\t<\/div>\n\t\t\t\n\n\t<a class=\"plain\" href=\"#\"  >\t<div class=\"icon-box featured-box mh-icon-training icon-box-center text-center\"  >\n\t\t\t\t\t<div class=\"icon-box-img\" style=\"width: 90px\">\n\t\t\t\t<div class=\"icon\">\n\t\t\t\t\t<div class=\"icon-inner\" >\n\t\t\t\t\t\t<?xml version=\"1.0\" encoding=\"iso-8859-1\"?>\r\n<!-- Generator: Adobe Illustrator 19.0.0, SVG Export Plug-In . SVG Version: 6.00 Build 0)  -->\r\n<svg version=\"1.1\" id=\"Capa_1\" xmlns=\"http:\/\/www.w3.org\/2000\/svg\" xmlns:xlink=\"http:\/\/www.w3.org\/1999\/xlink\" x=\"0px\" y=\"0px\"\r\n\t viewBox=\"0 0 464.024 464.024\" style=\"enable-background:new 0 0 464.024 464.024;\" xml:space=\"preserve\">\r\n<path style=\"fill:#F8C09C;\" d=\"M65.248,216.016l25.48,117.208c9.478,43.6,6.186,89.007-9.48,130.784H382.8\r\n\tc-15.666-41.777-18.958-87.184-9.48-130.784l25.48-117.208l65.224-56v-37.72c0-36.605-29.675-66.28-66.28-66.28\r\n\tc-0.003,0-0.005,0-0.008,0H288v-56H176v56H66.312C29.707,55.998,0.018,85.659,0,122.264c0,0.011,0,0.021,0,0.032v37.72\r\n\tL65.248,216.016z\"\/>\r\n<path style=\"fill:#A9BFD1;\" d=\"M16.024,112.016h432v240h-432L16.024,112.016z\"\/>\r\n<path style=\"fill:#7D8F9F;\" d=\"M32.024,128.016h400v208h-400L32.024,128.016z\"\/>\r\n<path style=\"fill:#EF937D;\" d=\"M32,128.016v59.472l33.224,28.528l25.48,117.208c0.2,0.92,0.312,1.856,0.504,2.792H372.8\r\n\tc0.192-0.936,0.304-1.872,0.504-2.792L398.8,216.016l33.2-28.528v-59.472H32z\"\/>\r\n<g>\r\n\t<path style=\"fill:#F6F6E7;\" d=\"M204.8,221.96l-9.472-12.896L224,187.968v-59.952h16v64c-0.015,2.529-1.225,4.903-3.264,6.4\r\n\t\tL204.8,221.96z\"\/>\r\n\t<path style=\"fill:#F6F6E7;\" d=\"M227.283,198.463l9.466-12.89l32.001,23.501l-9.466,12.89L227.283,198.463z\"\/>\r\n<\/g>\r\n<g>\r\n\t<path style=\"fill:#DD527C;\" d=\"M281.048,288.016h13.92c5.846,0.003,11.507,2.052,16,5.792l6.096,5.08\r\n\t\tc9.042,7.529,22.475,6.302,30.004-2.74c3.186-3.827,4.932-8.649,4.932-13.628c0.002-37.464-14.882-73.393-41.376-99.88\r\n\t\tc-14.487-14.487-34.136-22.625-54.624-22.624v102.976c0,13.82,11.204,25.024,25.024,25.024\r\n\t\tC281.032,288.016,281.04,288.016,281.048,288.016L281.048,288.016z\"\/>\r\n\t<path style=\"fill:#DD527C;\" d=\"M183,288.152h-13.92c-5.847,0.006-11.507,2.058-16,5.8l-6.096,5.08\r\n\t\tc-9.02,7.555-22.456,6.368-30.012-2.651c-3.22-3.844-4.981-8.702-4.973-13.717c-0.001-37.462,14.879-73.39,41.368-99.88\r\n\t\tc14.489-14.491,34.141-22.632,54.632-22.632v102.984C208,276.946,196.81,288.143,183,288.152L183,288.152z\"\/>\r\n<\/g>\r\n<g>\r\n\t<path style=\"fill:#B81A48;\" d=\"M176,256.016h-16v-24c-0.002-2.124,0.842-4.162,2.344-5.664l16-16l11.312,11.32L176,235.328\r\n\t\tL176,256.016z\"\/>\r\n\t<path style=\"fill:#B81A48;\" d=\"M144.024,224.016h24v16h-24V224.016z\"\/>\r\n\t<path style=\"fill:#B81A48;\" d=\"M304,256.016h-16v-20.688l-13.6-13.656l11.28-11.32l16,16c1.502,1.502,2.346,3.54,2.344,5.664\r\n\t\tL304,256.016z\"\/>\r\n\t<path style=\"fill:#B81A48;\" d=\"M296.024,224.016h24v16h-24V224.016z\"\/>\r\n<\/g>\r\n<g>\r\n<\/g>\r\n<g>\r\n<\/g>\r\n<g>\r\n<\/g>\r\n<g>\r\n<\/g>\r\n<g>\r\n<\/g>\r\n<g>\r\n<\/g>\r\n<g>\r\n<\/g>\r\n<g>\r\n<\/g>\r\n<g>\r\n<\/g>\r\n<g>\r\n<\/g>\r\n<g>\r\n<\/g>\r\n<g>\r\n<\/g>\r\n<g>\r\n<\/g>\r\n<g>\r\n<\/g>\r\n<g>\r\n<\/g>\r\n<\/svg>\r\n\t\t\t\t\t<\/div>\n\t\t\t\t<\/div>\n\t\t\t<\/div>\n\t\t\t\t<div class=\"icon-box-text last-reset\">\n\t\t\t<h5 class=\"uppercase\">Chuy\u00ean ng\u00e0nh D\u01b0\u1ee3c L\u00e2m S\u00e0ng<\/h5>\t\t\t\t\t\t\n\t<div id=\"text-1834223061\" class=\"text\">\n\t\t\n<p>D\u01b0\u1ee3c l\u00e2m s\u00e0ng l\u00e0 m\u1ed9t trong nh\u1eefng \u0111\u1ecbnh h\u01b0\u1edbng chuy\u00ean ng\u00e0nh trong ch\u01b0\u01a1ng tr\u00ecnh \u0111\u00e0o t\u1ea1o ng\u00e0nh D\u01b0\u1ee3c h\u1ecdc tr\u00ecnh \u0111\u1ed9 \u0111\u1ea1i h\u1ecdc.<\/p>\n\t\t\n<style>\n#text-1834223061 {\n  text-align: left;\n}\n<\/style>\n\t<\/div>\n\t\n\t\t<\/div>\n\t<\/div>\n\t<\/a>\n\t\n\t\t<\/div>\n\t\t\t\t\n<style>\n#col-1251403939 > .col-inner {\n  padding: 30px 20px 30px 20px;\n}\n@media (min-width:550px) {\n  #col-1251403939 > .col-inner {\n    padding: 30px 30px 30px 30px;\n  }\n}\n<\/style>\n\t<\/div>\n\n\t\n\n\t<div id=\"col-1956438130\" class=\"col medium-6 small-12 large-4\"  >\n\t\t\t\t<div class=\"col-inner\" style=\"background-color:rgb(255, 255, 255);\" >\n\t\t\t\n\t<div class=\"is-border\"\n\t\tstyle=\"border-color:rgb(0, 82, 156);border-width:0px 0px 5px 0px;\">\n\t<\/div>\n\t\t\t\n\n\t<a class=\"plain\" href=\"#\"  >\t<div class=\"icon-box featured-box mh-icon-training icon-box-center text-center\"  >\n\t\t\t\t\t<div class=\"icon-box-img\" style=\"width: 90px\">\n\t\t\t\t<div class=\"icon\">\n\t\t\t\t\t<div class=\"icon-inner\" >\n\t\t\t\t\t\t<?xml version=\"1.0\" encoding=\"iso-8859-1\"?>\r\n<!-- Generator: Adobe Illustrator 19.0.0, SVG Export Plug-In . SVG Version: 6.00 Build 0)  -->\r\n<svg version=\"1.1\" id=\"Capa_1\" xmlns=\"http:\/\/www.w3.org\/2000\/svg\" xmlns:xlink=\"http:\/\/www.w3.org\/1999\/xlink\" x=\"0px\" y=\"0px\"\r\n\t viewBox=\"0 0 511.999 511.999\" style=\"enable-background:new 0 0 511.999 511.999;\" xml:space=\"preserve\">\r\n<circle style=\"fill:#7FDBD5;\" cx=\"258.24\" cy=\"427.22\" r=\"15.785\"\/>\r\n<g>\r\n\t<circle style=\"fill:#38648C;\" cx=\"324.36\" cy=\"445.33\" r=\"15.02\"\/>\r\n\t<circle style=\"fill:#38648C;\" cx=\"277.79\" cy=\"358.39\" r=\"15.02\"\/>\r\n<\/g>\r\n<circle style=\"fill:#7FDBD5;\" cx=\"335.73\" cy=\"386.41\" r=\"18.93\"\/>\r\n<circle style=\"fill:#F28B74;\" cx=\"277.79\" cy=\"491.72\" r=\"20.279\"\/>\r\n<path style=\"fill:#7FDBD5;\" d=\"M194.259,84.051l-68.702,61.18l87.036,97.736l68.702-61.18c26.989-24.034,29.384-65.397,5.35-92.386\r\n\tl0,0C262.611,62.412,221.248,60.017,194.259,84.051z\"\/>\r\n<path style=\"fill:#287D99;\" d=\"M56.856,206.412l68.702-61.18l87.036,97.736l-68.702,61.18c-26.989,24.034-68.351,21.639-92.386-5.35\r\n\tl0,0C27.471,271.809,29.867,230.446,56.856,206.412z\"\/>\r\n<path style=\"opacity:0.1;enable-background:new    ;\" d=\"M286.645,89.401c-13.617-15.291-32.796-22.679-51.772-21.847\r\n\tc-5.368,17.494-3.426,37.126,7.025,53.868l21.666,34.706c3.734,5.982,2.508,13.813-2.904,18.335\r\n\tC220.122,208.336,168.275,244.89,141.158,256c-41.47,16.99-77.702-25.996-71.853-60.674l-11.721,10.437\r\n\tc-26.857,23.917-30.219,65.217-6.652,92.382c23.945,27.602,65.754,30.229,92.959,6.003l137.404-122.361\r\n\tC308.284,157.753,310.679,116.39,286.645,89.401L286.645,89.401z\"\/>\r\n<path style=\"fill:#76B7EB;\" d=\"M258.677,100.097l48.717,78.036l111.015-69.305l-48.717-78.036\r\n\tc-19.138-30.656-59.504-39.993-90.16-20.855l0,0C248.877,29.075,239.539,69.441,258.677,100.097z\"\/>\r\n<path style=\"fill:#D1EFF2;\" d=\"M356.111,256.17l-48.717-78.036l111.015-69.305l48.717,78.036\r\n\tc19.138,30.656,9.801,71.022-20.855,90.16l0,0C415.615,296.163,375.249,286.826,356.111,256.17z\"\/>\r\n<path style=\"opacity:0.1;enable-background:new    ;\" d=\"M446.271,277.025c2.946-1.839,5.69-3.878,8.236-6.081\r\n\tC376.715,259.512,275.303,73.81,279.873,9.736c-0.113,0.069-0.228,0.131-0.341,0.201l0,0c-30.656,19.138-39.993,59.504-20.855,90.16\r\n\tL356.11,256.17C375.249,286.826,415.615,296.163,446.271,277.025L446.271,277.025z\"\/>\r\n<path style=\"fill:#F28B74;\" d=\"M168.093,356.227l79.671,33.001c2.938,1.217,6.307-0.178,7.524-3.117l45.675-110.269\r\n\tc1.217-2.939-0.178-6.307-3.117-7.524l-79.671-33.001c-33.388-13.83-71.666,2.025-85.496,35.414l0,0\r\n\tC118.849,304.12,134.705,342.397,168.093,356.227z\"\/>\r\n<path style=\"opacity:0.1;enable-background:new    ;\" d=\"M255.289,386.112l11.249-27.157\r\n\tc-94.099-17.909-125.694-73.52-118.33-110.754c-6.515,6.145-11.879,13.72-15.528,22.53l0,0\r\n\tc-13.83,33.388,2.025,71.666,35.414,85.496l79.671,33.001C250.703,390.446,254.071,389.05,255.289,386.112z\"\/>\r\n<path style=\"fill:#76B7EB;\" d=\"M434.83,356.227l-79.671,33.001c-2.938,1.217-6.307-0.178-7.524-3.117L301.96,275.842\r\n\tc-1.217-2.939,0.178-6.307,3.117-7.524l79.671-33.001c33.388-13.83,71.666,2.025,85.496,35.414l0,0\r\n\tC484.073,304.12,468.218,342.397,434.83,356.227z\"\/>\r\n<g>\r\n<\/g>\r\n<g>\r\n<\/g>\r\n<g>\r\n<\/g>\r\n<g>\r\n<\/g>\r\n<g>\r\n<\/g>\r\n<g>\r\n<\/g>\r\n<g>\r\n<\/g>\r\n<g>\r\n<\/g>\r\n<g>\r\n<\/g>\r\n<g>\r\n<\/g>\r\n<g>\r\n<\/g>\r\n<g>\r\n<\/g>\r\n<g>\r\n<\/g>\r\n<g>\r\n<\/g>\r\n<g>\r\n<\/g>\r\n<\/svg>\r\n\t\t\t\t\t<\/div>\n\t\t\t\t<\/div>\n\t\t\t<\/div>\n\t\t\t\t<div class=\"icon-box-text last-reset\">\n\t\t\t<h5 class=\"uppercase\">S\u1ea3n xu\u1ea5t v\u00e0 ph\u00e1t tri\u1ec3n thu\u1ed1c<\/h5>\t\t\t\t\t\t\n\t<div id=\"text-432394944\" class=\"text\">\n\t\t\n<p>Chuy\u00ean ng\u00e0nh s\u1ea3n xu\u1ea5t v\u00e0 ph\u00e1t tri\u1ec3n thu\u1ed1c cung c\u1ea5p cho sinh vi\u00ean<\/p>\n\t\t\n<style>\n#text-432394944 {\n  text-align: left;\n}\n<\/style>\n\t<\/div>\n\t\n\t\t<\/div>\n\t<\/div>\n\t<\/a>\n\t\n\t\t<\/div>\n\t\t\t\t\n<style>\n#col-1956438130 > .col-inner {\n  padding: 30px 20px 30px 20px;\n}\n@media (min-width:550px) {\n  #col-1956438130 > .col-inner {\n    padding: 30px 30px 30px 30px;\n  }\n}\n<\/style>\n\t<\/div>\n\n\t\n\n\t<div id=\"col-179739878\" class=\"col medium-6 small-12 large-4\"  >\n\t\t\t\t<div class=\"col-inner\" style=\"background-color:rgb(255, 255, 255);\" >\n\t\t\t\n\t<div class=\"is-border\"\n\t\tstyle=\"border-color:rgb(0, 82, 156);border-width:0px 0px 5px 0px;\">\n\t<\/div>\n\t\t\t\n\n\t<a class=\"plain\" href=\"#\"  >\t<div class=\"icon-box featured-box mh-icon-training icon-box-center text-center\"  >\n\t\t\t\t\t<div class=\"icon-box-img\" style=\"width: 90px\">\n\t\t\t\t<div class=\"icon\">\n\t\t\t\t\t<div class=\"icon-inner\" >\n\t\t\t\t\t\t<img loading=\"lazy\" decoding=\"async\" width=\"90\" height=\"90\" src=\"https:\/\/dbcl.ntt.edu.vn\/wp-content\/uploads\/2021\/08\/prescription.png\" class=\"attachment-medium size-medium\" alt=\"\" \/>\t\t\t\t\t<\/div>\n\t\t\t\t<\/div>\n\t\t\t<\/div>\n\t\t\t\t<div class=\"icon-box-text last-reset\">\n\t\t\t<h5 class=\"uppercase\">Qu\u1ea3n l\u00fd v\u00e0 cung \u1ee9ng thu\u1ed1c<\/h5>\t\t\t\t\t\t\n\t<div id=\"text-886334670\" class=\"text\">\n\t\t\n<p>V\u1edbi s\u1ef1 n\u1ed7 l\u1ef1c h\u1ebft m\u00ecnh c\u1ee7a c\u00e1c gi\u1ea3ng vi\u00ean, v\u00e0o n\u0103m 2013 b\u00f4\u0323 m\u00f4n Qua\u0309n ly\u0301 d\u01b0\u01a1\u0323c tr\u1edf th\u00e0nh b\u00f4 m\u00f4n \u0111\u00e0o t\u1ea1o chuy\u00ean ng\u00e0nh Qu\u1ea3n l\u00fd v\u00e0 cung \u1ee9ng thu\u1ed1c c\u1ee7a khoa.<\/p>\n\t\t\n<style>\n#text-886334670 {\n  text-align: left;\n}\n<\/style>\n\t<\/div>\n\t\n\t\t<\/div>\n\t<\/div>\n\t<\/a>\n\t\n\t\t<\/div>\n\t\t\t\t\n<style>\n#col-179739878 > .col-inner {\n  padding: 30px 20px 30px 20px;\n}\n@media (min-width:550px) {\n  #col-179739878 > .col-inner {\n    padding: 30px 30px 30px 30px;\n  }\n}\n<\/style>\n\t<\/div>\n\n\t\n<\/div>\n\t<div id=\"gap-690890006\" class=\"gap-element clearfix\" style=\"display:block; height:auto;\">\n\t\t\n<style>\n#gap-690890006 {\n  padding-top: 15px;\n}\n@media (min-width:550px) {\n  #gap-690890006 {\n    padding-top: 35px;\n  }\n}\n@media (min-width:850px) {\n  #gap-690890006 {\n    padding-top: 80px;\n  }\n}\n<\/style>\n\t<\/div>\n\t\n<div class=\"row\"  id=\"row-648031243\">\n\n\t<div id=\"col-996357557\" class=\"col small-12 large-12\"  >\n\t\t\t\t<div class=\"col-inner\"  >\n\t\t\t\n\t\t\t\n\t<div id=\"text-1161048170\" class=\"text mh-title-box\">\n\t\t\n<h4>\u0110\u1ed1i t\u00e1c li\u00ean k\u1ebft<\/h4>\n\t\t\n<style>\n#text-1161048170 {\n  text-align: center;\n}\n<\/style>\n\t<\/div>\n\t\n\t<div id=\"gap-690941385\" class=\"gap-element clearfix\" style=\"display:block; height:auto;\">\n\t\t\n<style>\n#gap-690941385 {\n  padding-top: 0px;\n}\n@media (min-width:850px) {\n  #gap-690941385 {\n    padding-top: 30px;\n  }\n}\n<\/style>\n\t<\/div>\n\t\n\t\t<\/div>\n\t\t\t\t\t<\/div>\n\n\t\n<\/div>\n<div class=\"row row-full-width\"  id=\"row-139238660\">\n\n\t<div id=\"col-640618980\" class=\"col small-12 large-12\"  >\n\t\t\t\t<div class=\"col-inner\"  >\n\t\t\t\n\t\t\t\n<div class=\"slider-wrapper relative mh-slider-partner\" id=\"slider-181081328\" >\n    <div class=\"slider slider-nav-simple slider-nav-large slider-nav-dark slider-nav-outside slider-style-normal\"\n        data-flickity-options='{\n            \"cellAlign\": \"center\",\n            \"imagesLoaded\": true,\n            \"lazyLoad\": 1,\n            \"freeScroll\": true,\n            \"wrapAround\": true,\n            \"autoPlay\": 6000,\n            \"pauseAutoPlayOnHover\" : true,\n            \"prevNextButtons\": false,\n            \"contain\" : true,\n            \"adaptiveHeight\" : true,\n            \"dragThreshold\" : 10,\n            \"percentPosition\": true,\n            \"pageDots\": false,\n            \"rightToLeft\": false,\n            \"draggable\": true,\n            \"selectedAttraction\": 0.1,\n            \"parallax\" : 0,\n            \"friction\": 0.6        }'\n        >\n        \n<div class=\"ux-logo has-hover align-middle ux_logo inline-block\" style=\"max-width: 100%!important; width: 292.66666666667px!important\"><div class=\"ux-logo-link block image-\" title=\"\"  href=\"\" style=\"padding: 15px;\"><img decoding=\"async\" src=\"https:\/\/dbcl.ntt.edu.vn\/wp-content\/uploads\/2021\/07\/doi-tac-4.jpeg\" title=\"\" alt=\"\" class=\"ux-logo-image block\" style=\"height:200px;\" \/><\/div><\/div>\n<div class=\"ux-logo has-hover align-middle ux_logo inline-block\" style=\"max-width: 100%!important; width: 292.66666666667px!important\"><div class=\"ux-logo-link block image-\" title=\"\"  href=\"\" style=\"padding: 15px;\"><img decoding=\"async\" src=\"https:\/\/dbcl.ntt.edu.vn\/wp-content\/uploads\/2021\/07\/doi-tac-2.jpeg\" title=\"\" alt=\"\" class=\"ux-logo-image block\" style=\"height:200px;\" \/><\/div><\/div>\n<div class=\"ux-logo has-hover align-middle ux_logo inline-block\" style=\"max-width: 100%!important; width: 292.66666666667px!important\"><div class=\"ux-logo-link block image-\" title=\"\"  href=\"\" style=\"padding: 15px;\"><img decoding=\"async\" src=\"https:\/\/dbcl.ntt.edu.vn\/wp-content\/uploads\/2021\/07\/doi-tac-3.jpeg\" title=\"\" alt=\"\" class=\"ux-logo-image block\" style=\"height:200px;\" \/><\/div><\/div>\n<div class=\"ux-logo has-hover align-middle ux_logo inline-block\" style=\"max-width: 100%!important; width: 292.66666666667px!important\"><div class=\"ux-logo-link block image-\" title=\"\"  href=\"\" style=\"padding: 15px;\"><img decoding=\"async\" src=\"https:\/\/dbcl.ntt.edu.vn\/wp-content\/uploads\/2021\/07\/doi-tac-4.jpeg\" title=\"\" alt=\"\" class=\"ux-logo-image block\" style=\"height:200px;\" \/><\/div><\/div>\n<div class=\"ux-logo has-hover align-middle ux_logo inline-block\" style=\"max-width: 100%!important; width: 292.66666666667px!important\"><div class=\"ux-logo-link block image-\" title=\"\"  href=\"\" style=\"padding: 15px;\"><img decoding=\"async\" src=\"https:\/\/dbcl.ntt.edu.vn\/wp-content\/uploads\/2021\/07\/doi-tac-1.jpeg\" title=\"\" alt=\"\" class=\"ux-logo-image block\" style=\"height:200px;\" \/><\/div><\/div>\n<div class=\"ux-logo has-hover align-middle ux_logo inline-block\" style=\"max-width: 100%!important; width: 292.66666666667px!important\"><div class=\"ux-logo-link block image-\" title=\"\"  href=\"\" style=\"padding: 15px;\"><img decoding=\"async\" src=\"https:\/\/dbcl.ntt.edu.vn\/wp-content\/uploads\/2021\/07\/doi-tac-2.jpeg\" title=\"\" alt=\"\" class=\"ux-logo-image block\" style=\"height:200px;\" \/><\/div><\/div>\n<div class=\"ux-logo has-hover align-middle ux_logo inline-block\" style=\"max-width: 100%!important; width: 292.66666666667px!important\"><div class=\"ux-logo-link block image-\" title=\"\"  href=\"\" style=\"padding: 15px;\"><img decoding=\"async\" src=\"https:\/\/dbcl.ntt.edu.vn\/wp-content\/uploads\/2021\/07\/doi-tac-3.jpeg\" title=\"\" alt=\"\" class=\"ux-logo-image block\" style=\"height:200px;\" \/><\/div><\/div>\n     <\/div>\n\n     <div class=\"loading-spin dark large centered\"><\/div>\n\n     \t<\/div>\n\n\n\t\t<\/div>\n\t\t\t\t\t<\/div>\n\n\t\n<\/div>\n\t<div id=\"gap-146379386\" class=\"gap-element clearfix\" style=\"display:block; height:auto;\">\n\t\t\n<style>\n#gap-146379386 {\n  padding-top: 10px;\n}\n@media (min-width:550px) {\n  #gap-146379386 {\n    padding-top: 25px;\n  }\n}\n@media (min-width:850px) {\n  #gap-146379386 {\n    padding-top: 170px;\n  }\n}\n<\/style>\n\t<\/div>\n\t\n\t\t<\/div>\n\n\t\t\n<style>\n#section_844003888 {\n  padding-top: 35px;\n  padding-bottom: 35px;\n}\n#section_844003888 .section-bg.bg-loaded {\n  background-image: url(https:\/\/dbcl.ntt.edu.vn\/wp-content\/uploads\/2021\/07\/bg-chuyen-nganh-dao-tao.png);\n}\n@media (min-width:550px) {\n  #section_844003888 {\n    padding-top: 50px;\n    padding-bottom: 50px;\n  }\n}\n@media (min-width:850px) {\n  #section_844003888 {\n    padding-top: 70px;\n    padding-bottom: 70px;\n  }\n}\n<\/style>\n\t<\/section>\n\t\n","protected":false},"excerpt":{"rendered":"","protected":false},"author":7,"featured_media":0,"parent":0,"menu_order":0,"comment_status":"closed","ping_status":"closed","template":"page-blank.php","meta":{"footnotes":""},"class_list":["post-2061","page","type-page","status-publish","hentry"],"aioseo_notices":[],"_links":{"self":[{"href":"https:\/\/dbcl.ntt.edu.vn\/en\/wp-json\/wp\/v2\/pages\/2061","targetHints":{"allow":["GET"]}}],"collection":[{"href":"https:\/\/dbcl.ntt.edu.vn\/en\/wp-json\/wp\/v2\/pages"}],"about":[{"href":"https:\/\/dbcl.ntt.edu.vn\/en\/wp-json\/wp\/v2\/types\/page"}],"author":[{"embeddable":true,"href":"https:\/\/dbcl.ntt.edu.vn\/en\/wp-json\/wp\/v2\/users\/7"}],"replies":[{"embeddable":true,"href":"https:\/\/dbcl.ntt.edu.vn\/en\/wp-json\/wp\/v2\/comments?post=2061"}],"version-history":[{"count":0,"href":"https:\/\/dbcl.ntt.edu.vn\/en\/wp-json\/wp\/v2\/pages\/2061\/revisions"}],"wp:attachment":[{"href":"https:\/\/dbcl.ntt.edu.vn\/en\/wp-json\/wp\/v2\/media?parent=2061"}],"curies":[{"name":"wp","href":"https:\/\/api.w.org\/{rel}","templated":true}]}}